{"id":2716,"date":"2015-04-15T17:07:26","date_gmt":"2015-04-15T15:07:26","guid":{"rendered":"https:\/\/tcsantacroce.com\/?page_id=2716"},"modified":"2020-06-29T12:50:17","modified_gmt":"2020-06-29T10:50:17","slug":"home","status":"publish","type":"page","link":"https:\/\/tcsantacroce.com\/en\/","title":{"rendered":"HOME"},"content":{"rendered":"<p>[vc_row section=&#8221;yes&#8221; color=&#8221;color18&#8243; global_atts=&#8221;yes&#8221; id=&#8221;intro&#8221; bg_color=&#8221;&#8221;][vc_column align=&#8221;center&#8221; width=&#8221;1\/3&#8243;]<div class=\"ish-sc-element ish-sc_image ish-left ish-fullwidth\"><img loading=\"lazy\" decoding=\"async\" width=\"960\" height=\"720\" src=\"https:\/\/tcsantacroce.com\/wp-content\/uploads\/2014\/04\/tc-santacroce.jpg\" class=\"attachment-full size-full\" alt=\"\" srcset=\"https:\/\/tcsantacroce.com\/wp-content\/uploads\/2014\/04\/tc-santacroce.jpg 960w, https:\/\/tcsantacroce.com\/wp-content\/uploads\/2014\/04\/tc-santacroce-300x225.jpg 300w, https:\/\/tcsantacroce.com\/wp-content\/uploads\/2014\/04\/tc-santacroce-571x428.jpg 571w, https:\/\/tcsantacroce.com\/wp-content\/uploads\/2014\/04\/tc-santacroce-371x278.jpg 371w, https:\/\/tcsantacroce.com\/wp-content\/uploads\/2014\/04\/tc-santacroce-271x203.jpg 271w\" sizes=\"auto, (max-width: 960px) 100vw, 960px\" \/><\/div>[\/vc_column][vc_column width=&#8221;2\/3&#8243;][vc_column_text color=&#8221;color1&#8243; align=&#8221;left&#8221;]<strong>Santa Croce sull&#8217;Arno Tennis Club<\/strong> extends across Poggio Adorno green valley, in the countryside near Santa Croce, with its 7 clay courts (2 indoor), the club-house with restaurant, gym and five-a-side soccer field nearby.<\/p>\n<p>It is one of the most well-known and important clubs in Pisa province and Tuscany thanks to the professionalism of the tennis school and to the organization of numerous tournaments and events.[\/vc_column_text]<a class=\"ish-sc-element ish-sc_button ish-small ish-color2 ish-text-color3 ish-fullwidth ish-left\" href=\"https:\/\/tcsantacroce.com\/chi-siamo\">READ MORE<\/a>[\/vc_column][\/vc_row][vc_row section=&#8221;yes&#8221; color=&#8221;color20&#8243; text_color=&#8221;color1&#8243; global_atts=&#8221;yes&#8221; id=&#8221;blog-home&#8221; bg_color=&#8221;&#8221;][vc_column align=&#8221;center&#8221; width=&#8221;1\/1&#8243;]<h2 class=\"ish-sc-element ish-sc_headline ish-color2 ish-left\">NEWS TENNIS CLUB SANTA CROCE<\/h2>[\/vc_column][\/vc_row][vc_row section=&#8221;yes&#8221; color=&#8221;color20&#8243; text_color=&#8221;color1&#8243; global_atts=&#8221;yes&#8221; id=&#8221;blog-home&#8221; bg_color=&#8221;&#8221;][vc_column align=&#8221;center&#8221; width=&#8221;1\/1&#8243;]<div class=\"ish-sc-element ish-sc_recent_posts \" data-count=\"3\"><div class=\"ish-row\"><div id=\"rc-post-11529\" class=\"ish-recent_posts_post ish-grid4 ish-color5 ish-text-color1\"><div class=\"recent_posts_post_content\"><h3><a href=\"https:\/\/tcsantacroce.com\/en\/tornano-gli-internazionali-di-tennis-a-santa-croce-sullarno\/\">TORNANO GLI INTERNAZIONALI DI TENNIS A SANTA CROCE SULL\u2019ARNO!<\/a><\/h3><div class=\"rc-post-details-top\"><a href=\"https:\/\/tcsantacroce.com\/en\/2022\/03\/29\/\">29 March 2022<\/a> <a href=\"https:\/\/tcsantacroce.com\/en\/tornano-gli-internazionali-di-tennis-a-santa-croce-sullarno\/#respond\"><i class=\"ish-icon-chat\"><\/i>0<\/a> <a class=\"ish-likes\" href=\"#\" id=\"ish-likes-11529\" title=\"Like\"><i class=\"ish-icon-heart\"><\/i><span class=\"ish-likes-count\">0<\/span><\/a><\/div><div class=\"main-post-image\"><a href=\"https:\/\/tcsantacroce.com\/en\/tornano-gli-internazionali-di-tennis-a-santa-croce-sullarno\/\"><img loading=\"lazy\" decoding=\"async\" width=\"571\" height=\"381\" src=\"https:\/\/tcsantacroce.com\/wp-content\/uploads\/2022\/03\/Tc-Santa-Croce-571x381.jpg\" class=\"attachment-theme-half size-theme-half wp-post-image\" alt=\"\" srcset=\"https:\/\/tcsantacroce.com\/wp-content\/uploads\/2022\/03\/Tc-Santa-Croce-571x381.jpg 571w, https:\/\/tcsantacroce.com\/wp-content\/uploads\/2022\/03\/Tc-Santa-Croce-300x200.jpg 300w, https:\/\/tcsantacroce.com\/wp-content\/uploads\/2022\/03\/Tc-Santa-Croce-768x512.jpg 768w, https:\/\/tcsantacroce.com\/wp-content\/uploads\/2022\/03\/Tc-Santa-Croce-1024x683.jpg 1024w, https:\/\/tcsantacroce.com\/wp-content\/uploads\/2022\/03\/Tc-Santa-Croce-1170x780.jpg 1170w, https:\/\/tcsantacroce.com\/wp-content\/uploads\/2022\/03\/Tc-Santa-Croce-371x247.jpg 371w, https:\/\/tcsantacroce.com\/wp-content\/uploads\/2022\/03\/Tc-Santa-Croce-271x181.jpg 271w, https:\/\/tcsantacroce.com\/wp-content\/uploads\/2022\/03\/Tc-Santa-Croce-500x333.jpg 500w, https:\/\/tcsantacroce.com\/wp-content\/uploads\/2022\/03\/Tc-Santa-Croce.jpg 2048w\" sizes=\"auto, (max-width: 571px) 100vw, 571px\" \/><\/a><\/div>\n\n<div class=\"excerpt\"><p>Dopo due anni di stop dovuti alla pandemia, ritorna il grande tennis sui campi in terra rossa del Cerri Li stavamo aspettando dal 18 maggio 2019. Chi avrebbe potuto...<\/p><\/div>\n\n<div class=\"rc-post-details-bottom\"><\/div><a class=\"ish-recent_posts-read_more ish-sc_button ish-left  ish-color5 ish-text-color20\" href=\"https:\/\/tcsantacroce.com\/en\/tornano-gli-internazionali-di-tennis-a-santa-croce-sullarno\/\">Read more<\/a><\/div><\/div><div id=\"rc-post-11276\" class=\"ish-recent_posts_post ish-grid4 ish-color5 ish-text-color1\"><div class=\"recent_posts_post_content\"><h3><a href=\"https:\/\/tcsantacroce.com\/en\/internazionali-itf-citta-di-santa-croce-tabacco-nuoce-gravementeal-favorito-2\/\">INTERNAZIONALI ITF \u201cCITTA\u2019 DI SANTA CROCE\u201d:  TABACCO NUOCE GRAVEMENTE\u2026AL FAVORITO!<\/a><\/h3><div class=\"rc-post-details-top\"><a href=\"https:\/\/tcsantacroce.com\/en\/2019\/05\/17\/\">17 May 2019<\/a> <a href=\"https:\/\/tcsantacroce.com\/en\/internazionali-itf-citta-di-santa-croce-tabacco-nuoce-gravementeal-favorito-2\/#respond\"><i class=\"ish-icon-chat\"><\/i>0<\/a> <a class=\"ish-likes\" href=\"#\" id=\"ish-likes-11276\" title=\"Like\"><i class=\"ish-icon-heart\"><\/i><span class=\"ish-likes-count\">4<\/span><\/a><\/div><div class=\"main-post-image\"><a href=\"https:\/\/tcsantacroce.com\/en\/internazionali-itf-citta-di-santa-croce-tabacco-nuoce-gravementeal-favorito-2\/\"><img loading=\"lazy\" decoding=\"async\" width=\"571\" height=\"418\" src=\"https:\/\/tcsantacroce.com\/wp-content\/uploads\/2019\/05\/Diana-Shnaider-571x418.jpg\" class=\"attachment-theme-half size-theme-half wp-post-image\" alt=\"\" srcset=\"https:\/\/tcsantacroce.com\/wp-content\/uploads\/2019\/05\/Diana-Shnaider-571x418.jpg 571w, https:\/\/tcsantacroce.com\/wp-content\/uploads\/2019\/05\/Diana-Shnaider-300x220.jpg 300w, https:\/\/tcsantacroce.com\/wp-content\/uploads\/2019\/05\/Diana-Shnaider-768x563.jpg 768w, https:\/\/tcsantacroce.com\/wp-content\/uploads\/2019\/05\/Diana-Shnaider-1024x750.jpg 1024w, https:\/\/tcsantacroce.com\/wp-content\/uploads\/2019\/05\/Diana-Shnaider-1170x857.jpg 1170w, https:\/\/tcsantacroce.com\/wp-content\/uploads\/2019\/05\/Diana-Shnaider-371x272.jpg 371w, https:\/\/tcsantacroce.com\/wp-content\/uploads\/2019\/05\/Diana-Shnaider-271x199.jpg 271w, https:\/\/tcsantacroce.com\/wp-content\/uploads\/2019\/05\/Diana-Shnaider-500x366.jpg 500w, https:\/\/tcsantacroce.com\/wp-content\/uploads\/2019\/05\/Diana-Shnaider.jpg 1200w\" sizes=\"auto, (max-width: 571px) 100vw, 571px\" \/><\/a><\/div>\n\n<div class=\"excerpt\"><p>Il siciliano elimina a sorpresa la testa di serie numero 1 Bu Yunchaokete. Avanti a fatica gli azzurri Passaro e Cobolli   La sorpresa della giornata dedicata ai secondi...<\/p><\/div>\n\n<div class=\"rc-post-details-bottom\"><\/div><a class=\"ish-recent_posts-read_more ish-sc_button ish-left  ish-color5 ish-text-color20\" href=\"https:\/\/tcsantacroce.com\/en\/internazionali-itf-citta-di-santa-croce-tabacco-nuoce-gravementeal-favorito-2\/\">Read more<\/a><\/div><\/div><div id=\"rc-post-11211\" class=\"ish-recent_posts_post ish-grid4 ish-color5 ish-text-color1\"><div class=\"recent_posts_post_content\"><h3><a href=\"https:\/\/tcsantacroce.com\/en\/linda-noskova-si-aggiudica-il-trofeo-beppe-giannoni\/\">LINDA NOSKOVA SI AGGIUDICA IL TROFEO &#8220;BEPPE GIANNONI&#8221;\u00a0 \u00a0<\/a><\/h3><div class=\"rc-post-details-top\"><a href=\"https:\/\/tcsantacroce.com\/en\/2019\/05\/16\/\">16 May 2019<\/a> <a href=\"https:\/\/tcsantacroce.com\/en\/linda-noskova-si-aggiudica-il-trofeo-beppe-giannoni\/#respond\"><i class=\"ish-icon-chat\"><\/i>0<\/a> <a class=\"ish-likes\" href=\"#\" id=\"ish-likes-11211\" title=\"Like\"><i class=\"ish-icon-heart\"><\/i><span class=\"ish-likes-count\">4<\/span><\/a><\/div><div class=\"main-post-image\"><a href=\"https:\/\/tcsantacroce.com\/en\/linda-noskova-si-aggiudica-il-trofeo-beppe-giannoni\/\"><img loading=\"lazy\" decoding=\"async\" width=\"571\" height=\"381\" src=\"https:\/\/tcsantacroce.com\/wp-content\/uploads\/2019\/05\/DSC00184-571x381.jpg\" class=\"attachment-theme-half size-theme-half wp-post-image\" alt=\"\" srcset=\"https:\/\/tcsantacroce.com\/wp-content\/uploads\/2019\/05\/DSC00184-571x381.jpg 571w, https:\/\/tcsantacroce.com\/wp-content\/uploads\/2019\/05\/DSC00184-300x200.jpg 300w, https:\/\/tcsantacroce.com\/wp-content\/uploads\/2019\/05\/DSC00184-768x512.jpg 768w, https:\/\/tcsantacroce.com\/wp-content\/uploads\/2019\/05\/DSC00184-1024x683.jpg 1024w, https:\/\/tcsantacroce.com\/wp-content\/uploads\/2019\/05\/DSC00184-1170x780.jpg 1170w, https:\/\/tcsantacroce.com\/wp-content\/uploads\/2019\/05\/DSC00184-371x247.jpg 371w, https:\/\/tcsantacroce.com\/wp-content\/uploads\/2019\/05\/DSC00184-271x181.jpg 271w, https:\/\/tcsantacroce.com\/wp-content\/uploads\/2019\/05\/DSC00184-500x333.jpg 500w, https:\/\/tcsantacroce.com\/wp-content\/uploads\/2019\/05\/DSC00184.jpg 1200w\" sizes=\"auto, (max-width: 571px) 100vw, 571px\" \/><\/a><\/div>\n\n<div class=\"excerpt\"><p>Nella giornata di oggi \u00e8 stato assegnato \u00e8 arrivato il primo verdetto della quarantunesima edizione del Torneo Internazionale \"Citt\u00e0 di Santa Croce\" Memorial Sabatini. E' stato assegnato il \u201cTrofeo...<\/p><\/div>\n\n<div class=\"rc-post-details-bottom\"><\/div><a class=\"ish-recent_posts-read_more ish-sc_button ish-left  ish-color5 ish-text-color20\" href=\"https:\/\/tcsantacroce.com\/en\/linda-noskova-si-aggiudica-il-trofeo-beppe-giannoni\/\">Read more<\/a><\/div><\/div><\/div><\/div><div class=\"ish-sc-element ish-sc_divider\"><\/div><a class=\"ish-sc-element ish-sc_button ish-small ish-color2 ish-text-color3 ish-fullwidth ish-left\" href=\"https:\/\/tcsantacroce.com\/blog\">SHOW ALL NEWS<\/a>[\/vc_column][\/vc_row][vc_row section=&#8221;yes&#8221; bg_svg=&#8221;abstract&#8221; color=&#8221;color16&#8243; text_color=&#8221;color16&#8243; bg_opacity=&#8221;100&#8243; vertical_align=&#8221;middle&#8221; global_atts=&#8221;yes&#8221; id=&#8221;responsive&#8221; tooltip_color=&#8221;color6&#8243; tooltip_text_color=&#8221;color16&#8243; bg_color=&#8221;&#8221;][vc_column align=&#8221;center&#8221; width=&#8221;1\/1&#8243;]<div class=\"ish-sc-element ish-sc_slidable ish-slidable ish-nav-color1 ish-prevnext-color3 ish-nav-left\" id=\"ish-slidablesc-1\" data-animation=\"fade\" data-interval=\"4\" data-navigation=\"no\" data-prevnext=\"no\"><\/div><div class=\"ish-sc-element ish-sc_icon ish-simple ish-color4 ish-text-color4\" style=\"font-size:40px;width:40px;height:40px;\"><a href=\"#intro\"><span style=\"width:40px;height:40px;\"><span class=\"ish-icon-down-open\" style=\"font-size:40px;line-height:40px;\"><\/span><\/span><\/a><\/div>[\/vc_column][\/vc_row][vc_row section=&#8221;yes&#8221; color=&#8221;color18&#8243; global_atts=&#8221;yes&#8221; id=&#8221;intro&#8221; bg_color=&#8221;&#8221;][vc_column align=&#8221;center&#8221; width=&#8221;1\/3&#8243;]<div class=\"ish-sc-element ish-sc_image ish-left ish-fullwidth\"><img loading=\"lazy\" decoding=\"async\" width=\"960\" height=\"720\" src=\"https:\/\/tcsantacroce.com\/wp-content\/uploads\/2014\/04\/tc-santacroce.jpg\" class=\"attachment-full size-full\" alt=\"\" srcset=\"https:\/\/tcsantacroce.com\/wp-content\/uploads\/2014\/04\/tc-santacroce.jpg 960w, https:\/\/tcsantacroce.com\/wp-content\/uploads\/2014\/04\/tc-santacroce-300x225.jpg 300w, https:\/\/tcsantacroce.com\/wp-content\/uploads\/2014\/04\/tc-santacroce-571x428.jpg 571w, https:\/\/tcsantacroce.com\/wp-content\/uploads\/2014\/04\/tc-santacroce-371x278.jpg 371w, https:\/\/tcsantacroce.com\/wp-content\/uploads\/2014\/04\/tc-santacroce-271x203.jpg 271w\" sizes=\"auto, (max-width: 960px) 100vw, 960px\" \/><\/div>[\/vc_column][vc_column width=&#8221;2\/3&#8243;][vc_column_text color=&#8221;color1&#8243; align=&#8221;left&#8221;]Il <strong>Tennis Club Santa Croce sull\u2019Arno<\/strong> si estende nella verde vallata di Poggio Adorno, nell\u2019aperta campagna santacrocese, con i suoi attuali 7 campi in terra rossa (di cui 2 indoor), la club-house dotata di ristorante, la palestra e l\u2019adiacente campo da calcetto.<br \/>\nPer la professionalit\u00e0 della scuola SAT e per le iniziative legati ad eventi e tornei, \u00e8 uno dei club pi\u00f9 apprezzati della provincia di Pisa e dell\u2019intera Toscana.[\/vc_column_text]<a class=\"ish-sc-element ish-sc_button ish-small ish-color2 ish-text-color3 ish-fullwidth ish-left\" href=\"https:\/\/tcsantacroce.com\/chi-siamo\">SCOPRI DI PI\u00d9<\/a>[\/vc_column][\/vc_row][vc_row section=&#8221;yes&#8221; color=&#8221;color20&#8243; text_color=&#8221;color1&#8243; global_atts=&#8221;yes&#8221; id=&#8221;blog-home&#8221; bg_color=&#8221;&#8221;][vc_column align=&#8221;center&#8221; width=&#8221;1\/1&#8243;]<h2 class=\"ish-sc-element ish-sc_headline ish-color2 ish-left\">NEWS TENNIS CLUB SANTA CROCE<\/h2>[\/vc_column][\/vc_row][vc_row section=&#8221;yes&#8221; color=&#8221;color20&#8243; text_color=&#8221;color1&#8243; global_atts=&#8221;yes&#8221; id=&#8221;blog-home&#8221; bg_color=&#8221;&#8221;][vc_column align=&#8221;center&#8221; width=&#8221;1\/1&#8243;]<div class=\"ish-sc-element ish-sc_recent_posts \" data-count=\"3\"><div class=\"ish-row\"><div id=\"rc-post-11529\" class=\"ish-recent_posts_post ish-grid4 ish-color5 ish-text-color1\"><div class=\"recent_posts_post_content\"><h3><a href=\"https:\/\/tcsantacroce.com\/en\/tornano-gli-internazionali-di-tennis-a-santa-croce-sullarno\/\">TORNANO GLI INTERNAZIONALI DI TENNIS A SANTA CROCE SULL\u2019ARNO!<\/a><\/h3><div class=\"rc-post-details-top\"><a href=\"https:\/\/tcsantacroce.com\/en\/2022\/03\/29\/\">29 March 2022<\/a> <a href=\"https:\/\/tcsantacroce.com\/en\/tornano-gli-internazionali-di-tennis-a-santa-croce-sullarno\/#respond\"><i class=\"ish-icon-chat\"><\/i>0<\/a> <a class=\"ish-likes\" href=\"#\" id=\"ish-likes-11529\" title=\"Like\"><i class=\"ish-icon-heart\"><\/i><span class=\"ish-likes-count\">0<\/span><\/a><\/div><div class=\"main-post-image\"><a href=\"https:\/\/tcsantacroce.com\/en\/tornano-gli-internazionali-di-tennis-a-santa-croce-sullarno\/\"><img loading=\"lazy\" decoding=\"async\" width=\"571\" height=\"381\" src=\"https:\/\/tcsantacroce.com\/wp-content\/uploads\/2022\/03\/Tc-Santa-Croce-571x381.jpg\" class=\"attachment-theme-half size-theme-half wp-post-image\" alt=\"\" srcset=\"https:\/\/tcsantacroce.com\/wp-content\/uploads\/2022\/03\/Tc-Santa-Croce-571x381.jpg 571w, https:\/\/tcsantacroce.com\/wp-content\/uploads\/2022\/03\/Tc-Santa-Croce-300x200.jpg 300w, https:\/\/tcsantacroce.com\/wp-content\/uploads\/2022\/03\/Tc-Santa-Croce-768x512.jpg 768w, https:\/\/tcsantacroce.com\/wp-content\/uploads\/2022\/03\/Tc-Santa-Croce-1024x683.jpg 1024w, https:\/\/tcsantacroce.com\/wp-content\/uploads\/2022\/03\/Tc-Santa-Croce-1170x780.jpg 1170w, https:\/\/tcsantacroce.com\/wp-content\/uploads\/2022\/03\/Tc-Santa-Croce-371x247.jpg 371w, https:\/\/tcsantacroce.com\/wp-content\/uploads\/2022\/03\/Tc-Santa-Croce-271x181.jpg 271w, https:\/\/tcsantacroce.com\/wp-content\/uploads\/2022\/03\/Tc-Santa-Croce-500x333.jpg 500w, https:\/\/tcsantacroce.com\/wp-content\/uploads\/2022\/03\/Tc-Santa-Croce.jpg 2048w\" sizes=\"auto, (max-width: 571px) 100vw, 571px\" \/><\/a><\/div>\n\n<div class=\"excerpt\"><p>Dopo due anni di stop dovuti alla pandemia, ritorna il grande tennis sui campi in terra rossa del Cerri Li stavamo aspettando dal 18 maggio 2019. Chi avrebbe potuto...<\/p><\/div>\n\n<div class=\"rc-post-details-bottom\"><\/div><a class=\"ish-recent_posts-read_more ish-sc_button ish-left  ish-color5 ish-text-color20\" href=\"https:\/\/tcsantacroce.com\/en\/tornano-gli-internazionali-di-tennis-a-santa-croce-sullarno\/\">Read more<\/a><\/div><\/div><div id=\"rc-post-11276\" class=\"ish-recent_posts_post ish-grid4 ish-color5 ish-text-color1\"><div class=\"recent_posts_post_content\"><h3><a href=\"https:\/\/tcsantacroce.com\/en\/internazionali-itf-citta-di-santa-croce-tabacco-nuoce-gravementeal-favorito-2\/\">INTERNAZIONALI ITF \u201cCITTA\u2019 DI SANTA CROCE\u201d:  TABACCO NUOCE GRAVEMENTE\u2026AL FAVORITO!<\/a><\/h3><div class=\"rc-post-details-top\"><a href=\"https:\/\/tcsantacroce.com\/en\/2019\/05\/17\/\">17 May 2019<\/a> <a href=\"https:\/\/tcsantacroce.com\/en\/internazionali-itf-citta-di-santa-croce-tabacco-nuoce-gravementeal-favorito-2\/#respond\"><i class=\"ish-icon-chat\"><\/i>0<\/a> <a class=\"ish-likes\" href=\"#\" id=\"ish-likes-11276\" title=\"Like\"><i class=\"ish-icon-heart\"><\/i><span class=\"ish-likes-count\">4<\/span><\/a><\/div><div class=\"main-post-image\"><a href=\"https:\/\/tcsantacroce.com\/en\/internazionali-itf-citta-di-santa-croce-tabacco-nuoce-gravementeal-favorito-2\/\"><img loading=\"lazy\" decoding=\"async\" width=\"571\" height=\"418\" src=\"https:\/\/tcsantacroce.com\/wp-content\/uploads\/2019\/05\/Diana-Shnaider-571x418.jpg\" class=\"attachment-theme-half size-theme-half wp-post-image\" alt=\"\" srcset=\"https:\/\/tcsantacroce.com\/wp-content\/uploads\/2019\/05\/Diana-Shnaider-571x418.jpg 571w, https:\/\/tcsantacroce.com\/wp-content\/uploads\/2019\/05\/Diana-Shnaider-300x220.jpg 300w, https:\/\/tcsantacroce.com\/wp-content\/uploads\/2019\/05\/Diana-Shnaider-768x563.jpg 768w, https:\/\/tcsantacroce.com\/wp-content\/uploads\/2019\/05\/Diana-Shnaider-1024x750.jpg 1024w, https:\/\/tcsantacroce.com\/wp-content\/uploads\/2019\/05\/Diana-Shnaider-1170x857.jpg 1170w, https:\/\/tcsantacroce.com\/wp-content\/uploads\/2019\/05\/Diana-Shnaider-371x272.jpg 371w, https:\/\/tcsantacroce.com\/wp-content\/uploads\/2019\/05\/Diana-Shnaider-271x199.jpg 271w, https:\/\/tcsantacroce.com\/wp-content\/uploads\/2019\/05\/Diana-Shnaider-500x366.jpg 500w, https:\/\/tcsantacroce.com\/wp-content\/uploads\/2019\/05\/Diana-Shnaider.jpg 1200w\" sizes=\"auto, (max-width: 571px) 100vw, 571px\" \/><\/a><\/div>\n\n<div class=\"excerpt\"><p>Il siciliano elimina a sorpresa la testa di serie numero 1 Bu Yunchaokete. Avanti a fatica gli azzurri Passaro e Cobolli   La sorpresa della giornata dedicata ai secondi...<\/p><\/div>\n\n<div class=\"rc-post-details-bottom\"><\/div><a class=\"ish-recent_posts-read_more ish-sc_button ish-left  ish-color5 ish-text-color20\" href=\"https:\/\/tcsantacroce.com\/en\/internazionali-itf-citta-di-santa-croce-tabacco-nuoce-gravementeal-favorito-2\/\">Read more<\/a><\/div><\/div><div id=\"rc-post-11211\" class=\"ish-recent_posts_post ish-grid4 ish-color5 ish-text-color1\"><div class=\"recent_posts_post_content\"><h3><a href=\"https:\/\/tcsantacroce.com\/en\/linda-noskova-si-aggiudica-il-trofeo-beppe-giannoni\/\">LINDA NOSKOVA SI AGGIUDICA IL TROFEO &#8220;BEPPE GIANNONI&#8221;\u00a0 \u00a0<\/a><\/h3><div class=\"rc-post-details-top\"><a href=\"https:\/\/tcsantacroce.com\/en\/2019\/05\/16\/\">16 May 2019<\/a> <a href=\"https:\/\/tcsantacroce.com\/en\/linda-noskova-si-aggiudica-il-trofeo-beppe-giannoni\/#respond\"><i class=\"ish-icon-chat\"><\/i>0<\/a> <a class=\"ish-likes\" href=\"#\" id=\"ish-likes-11211\" title=\"Like\"><i class=\"ish-icon-heart\"><\/i><span class=\"ish-likes-count\">4<\/span><\/a><\/div><div class=\"main-post-image\"><a href=\"https:\/\/tcsantacroce.com\/en\/linda-noskova-si-aggiudica-il-trofeo-beppe-giannoni\/\"><img loading=\"lazy\" decoding=\"async\" width=\"571\" height=\"381\" src=\"https:\/\/tcsantacroce.com\/wp-content\/uploads\/2019\/05\/DSC00184-571x381.jpg\" class=\"attachment-theme-half size-theme-half wp-post-image\" alt=\"\" srcset=\"https:\/\/tcsantacroce.com\/wp-content\/uploads\/2019\/05\/DSC00184-571x381.jpg 571w, https:\/\/tcsantacroce.com\/wp-content\/uploads\/2019\/05\/DSC00184-300x200.jpg 300w, https:\/\/tcsantacroce.com\/wp-content\/uploads\/2019\/05\/DSC00184-768x512.jpg 768w, https:\/\/tcsantacroce.com\/wp-content\/uploads\/2019\/05\/DSC00184-1024x683.jpg 1024w, https:\/\/tcsantacroce.com\/wp-content\/uploads\/2019\/05\/DSC00184-1170x780.jpg 1170w, https:\/\/tcsantacroce.com\/wp-content\/uploads\/2019\/05\/DSC00184-371x247.jpg 371w, https:\/\/tcsantacroce.com\/wp-content\/uploads\/2019\/05\/DSC00184-271x181.jpg 271w, https:\/\/tcsantacroce.com\/wp-content\/uploads\/2019\/05\/DSC00184-500x333.jpg 500w, https:\/\/tcsantacroce.com\/wp-content\/uploads\/2019\/05\/DSC00184.jpg 1200w\" sizes=\"auto, (max-width: 571px) 100vw, 571px\" \/><\/a><\/div>\n\n<div class=\"excerpt\"><p>Nella giornata di oggi \u00e8 stato assegnato \u00e8 arrivato il primo verdetto della quarantunesima edizione del Torneo Internazionale \"Citt\u00e0 di Santa Croce\" Memorial Sabatini. E' stato assegnato il \u201cTrofeo...<\/p><\/div>\n\n<div class=\"rc-post-details-bottom\"><\/div><a class=\"ish-recent_posts-read_more ish-sc_button ish-left  ish-color5 ish-text-color20\" href=\"https:\/\/tcsantacroce.com\/en\/linda-noskova-si-aggiudica-il-trofeo-beppe-giannoni\/\">Read more<\/a><\/div><\/div><\/div><\/div><div class=\"ish-sc-element ish-sc_divider\"><\/div><a class=\"ish-sc-element ish-sc_button ish-small ish-color2 ish-text-color3 ish-fullwidth ish-left\" href=\"https:\/\/tcsantacroce.com\/blog\">MOSTRA TUTTE LE NEWS<\/a>[\/vc_column][\/vc_row]<\/p>\n","protected":false},"excerpt":{"rendered":"<p>[vc_row section=&#8221;yes&#8221; color=&#8221;color18&#8243; global_atts=&#8221;yes&#8221; id=&#8221;intro&#8221; bg_color=&#8221;&#8221;][vc_column align=&#8221;center&#8221; width=&#8221;1\/3&#8243;][\/vc_column][vc_column width=&#8221;2\/3&#8243;][vc_column_text color=&#8221;color1&#8243; align=&#8221;left&#8221;]Santa Croce sull&#8217;Arno Tennis Club extends across Poggio Adorno green valley, in the countryside near Santa Croce, with its 7 clay courts (2 indoor), the club-house with restaurant, gym and five-a-side soccer field nearby. It is one of the most well-known and important clubs in [&hellip;]<\/p>\n","protected":false},"author":1,"featured_media":0,"parent":0,"menu_order":0,"comment_status":"closed","ping_status":"closed","template":"","meta":{"footnotes":""},"class_list":["post-2716","page","type-page","status-publish","hentry"],"_links":{"self":[{"href":"https:\/\/tcsantacroce.com\/en\/wp-json\/wp\/v2\/pages\/2716","targetHints":{"allow":["GET"]}}],"collection":[{"href":"https:\/\/tcsantacroce.com\/en\/wp-json\/wp\/v2\/pages"}],"about":[{"href":"https:\/\/tcsantacroce.com\/en\/wp-json\/wp\/v2\/types\/page"}],"author":[{"embeddable":true,"href":"https:\/\/tcsantacroce.com\/en\/wp-json\/wp\/v2\/users\/1"}],"replies":[{"embeddable":true,"href":"https:\/\/tcsantacroce.com\/en\/wp-json\/wp\/v2\/comments?post=2716"}],"version-history":[{"count":21,"href":"https:\/\/tcsantacroce.com\/en\/wp-json\/wp\/v2\/pages\/2716\/revisions"}],"predecessor-version":[{"id":11470,"href":"https:\/\/tcsantacroce.com\/en\/wp-json\/wp\/v2\/pages\/2716\/revisions\/11470"}],"wp:attachment":[{"href":"https:\/\/tcsantacroce.com\/en\/wp-json\/wp\/v2\/media?parent=2716"}],"curies":[{"name":"wp","href":"https:\/\/api.w.org\/{rel}","templated":true}]}}