{"id":5184,"date":"2015-05-22T18:43:27","date_gmt":"2015-05-22T16:43:27","guid":{"rendered":"https:\/\/tcsantacroce.com\/?page_id=5184"},"modified":"2015-05-27T19:02:06","modified_gmt":"2015-05-27T17:02:06","slug":"privacy-policy","status":"publish","type":"page","link":"https:\/\/tcsantacroce.com\/en\/privacy-policy\/","title":{"rendered":"Privacy Policy"},"content":{"rendered":"<p>[vc_row section=&#8221;&#8221; full_width=&#8221;&#8221; top_svg=&#8221;&#8221; bottom_svg=&#8221;&#8221; bg_svg=&#8221;&#8221; color=&#8221;&#8221; text_color=&#8221;&#8221; bg_opacity=&#8221;&#8221; parallax=&#8221;&#8221; bg_image_repeat=&#8221;&#8221; vertical_align=&#8221;&#8221; global_atts=&#8221;&#8221; id=&#8221;&#8221; css_class=&#8221;&#8221; style=&#8221;&#8221; tooltip=&#8221;&#8221; tooltip_color=&#8221;color1&#8243; tooltip_text_color=&#8221;color3&#8243; bg_color=&#8221;&#8221;][vc_column align=&#8221;&#8221; global_atts=&#8221;&#8221; id=&#8221;&#8221; css_class=&#8221;&#8221; style=&#8221;&#8221; tooltip=&#8221;&#8221; tooltip_color=&#8221;color1&#8243; tooltip_text_color=&#8221;color3&#8243; width=&#8221;1\/1&#8243;][vc_column_text tooltip_color=&#8221;color1&#8243; tooltip_text_color=&#8221;color3&#8243;]<strong>Tennis Club Santa Croce<\/strong>\u00a0in qualit\u00e0 di Titolare del Trattamento rende agli utenti che consultano e\/o interagiscono con il presente sito l\u2019informativa sul trattamento dei dati personali relativi a soggetti identificati o identificabili, ai sensi dell\u2019art.13 del D.Lgs. n.196\/2003 in materia di protezione dei dati personali, ed illustra le modalit\u00e0 di gestione del sito.<\/p>\n<div class=\"hr hr1\"><\/div>\n<p>&nbsp;<\/p>\n<p><strong>LUOGO DI TRATTAMENTO DEI DATI<\/strong><\/p>\n<p>I trattamenti connessi ai servizi web di questo sito hanno luogo presso la sede aziendale e sono curati da personale tecnico dell&#8217;ufficio incaricato del trattamento, oppure da eventuali incaricati di occasionali operazioni di manutenzione. I trattamenti possono aver luogo presso societ\u00e0 esterne che raccolgono dati relativi agli accessi e alla navigazione all&#8217;interno del sito per permettere il funzionamento dei servizi e delle sezioni che richiedono l&#8217;identificazione dell&#8217;utente e utilizza le informazioni raccolte per l&#8217;amministrazione tecnica del sito e per eventuali analisi statistiche circa l&#8217;utilizzo del sito stesso. I dati personali forniti dagli utenti che inoltrano richieste di invio di materiale informativo (cataloghi, risposte a quesiti, richieste di contatto) sono utilizzati al solo fine di eseguire il servizio o la prestazione richiesta e sono comunicati a terzi nel solo caso in cui ci\u00f2 sia a tal fine necessario (es. servizio di spedizione del materiale sopra citato).<\/p>\n<p>&nbsp;<\/p>\n<p><strong>TIPI DI DATI TRATTATI<\/strong><\/p>\n<p>Dati di navigazione I sistemi informatici e le procedure software preposte al funzionamento di questo sito web acquisiscono, nel corso del loro normale esercizio, alcuni dati personali la cui trasmissione \u00e8 implicita nell&#8217;uso dei protocolli di comunicazione di Internet. Si tratta di informazioni che non sono raccolte per essere associate a interessati identificati, ma che per loro stessa natura potrebbero, attraverso elaborazioni ed associazioni con dati detenuti da terzi, permettere di identificare gli utenti. In questa categoria di dati rientrano gli indirizzi IP o i nomi a dominio dei computer utilizzati dagli utenti che si connettono al sito, gli indirizzi in notazione URI (Uniform Resource Identifier) delle risorse richieste, l&#8217;orario della richiesta, il metodo utilizzato nel sottoporre la richiesta al server, la dimensione del file ottenuto in risposta, il codice numerico indicante lo stato della risposta data dal server (buon fine, errore, ecc.) ed altri parametri relativi al sistema operativo e all&#8217;ambiente informatico dell&#8217;utente. Questi dati vengono utilizzati al solo fine di ricavare informazioni statistiche anonime sull&#8217;uso del sito e per controllarne il corretto funzionamento e vengono cancellati immediatamente dopo l&#8217;elaborazione. I dati potrebbero essere utilizzati per l&#8217;accertamento di responsabilit\u00e0 in caso di ipotetici reati informatici ai danni del sito: salva questa eventualit\u00e0, allo stato i dati sui contatti web non persistono per pi\u00f9 di sette giorni. Dati forniti volontariamente dall&#8217;utente L&#8217;invio facoltativo, esplicito e volontario di posta elettronica agli indirizzi indicati su questo sito comporta la successiva acquisizione dell&#8217;indirizzo del mittente, necessario per rispondere alle richieste, nonch\u00e9 degli eventuali altri dati personali inseriti nella missiva. Specifiche informative di sintesi verranno progressivamente riportate o visualizzate nelle pagine del sito predisposte per particolari servizi e\/o finalit\u00e0 di trattamenti, e, ove necessario sono presenti anche richieste espresse di consenso.<\/p>\n<p>&nbsp;<\/p>\n<p><strong>FACOLTATIVIT\u00c0 DEL CONFERIMENTO DEI DATI<\/strong><\/p>\n<p>A parte quanto specificato per i dati di navigazione, l&#8217;utente \u00e8 libero di fornire i dati personali riportati nei moduli di richiesta o comunque indicati in contatti con l&#8217;Ufficio per sollecitare l&#8217;invio di materiale informativo o di altre comunicazioni. Il loro mancato conferimento pu\u00f2 comportare l&#8217;impossibilit\u00e0 di ottenere quanto richiesto.<\/p>\n<p>&nbsp;<\/p>\n<p><strong>MODALIT\u00c0 DI TRATTAMENTO DEI DATI<\/strong><\/p>\n<p>I dati personali sono trattati con modalit\u00e0 cartacee, informatiche e con strumenti automatizzati per il tempo strettamente necessario a conseguire gli scopi per cui sono stati raccolti. Specifiche misure di sicurezza sono osservate per prevenire la perdita dei dati, usi illeciti o non corretti ed accessi non autorizzati.<\/p>\n<p>&nbsp;<\/p>\n<p><strong>MISURE DI SICUREZZA DEL SITO<\/strong><\/p>\n<p>Per la gestione del sito sono state adottate specifiche misure di sicurezza, dirette a garantire l&#8217;accesso sicuro dell&#8217;utente ed a tutelare le informazioni contenute nello stesso sito da rischi di perdita o distruzione anche accidentale. Il software antivirus utilizzato nella gestione del sito viene aggiornato con periodicit\u00e0 al fine di evitare perdite di dati dovute all&#8217;azione di virus informatici. Si ricorda inoltre che pur garantendo al suo interno l&#8217;adozione di appositi sistemi antivirus, oltre ad essere un obbligo di legge, \u00e8 opportuno per l&#8217;utente dotare la propria stazione di lavoro di un sistema di prevenzione e scansione contro l&#8217;attacco di virus informatici. Per l&#8217;accesso alla parte riservata del sito vengono assegnati alle imprese che ne fanno richiesta un codice identificativo ed una password; tali password sono generate in modo da non contenere riferimenti agevolmente riconducibili all&#8217;associato, al fine di evitare possibili abusi. L&#8217;utente \u00e8 tenuto a custodire la propria password in modo riservato.<\/p>\n<p>&nbsp;<\/p>\n<p><strong>I VOSTRI DIRITTI<\/strong><\/p>\n<p>Riportiamo di seguito l&#8217;estratto dell&#8217;art.7 del D.Lgs. n.196\/2003, per ricordarvi che potete esercitare nei nostri confronti i seguenti diritti:- ottenere la conferma dell&#8217;esistenza di dati personali che Vi riguardano, anche se non ancora registrati, e la comunicazione in forma intelligibile dei medesimi dati e della loro origine, nonch\u00e9, delle finalit\u00e0 e delle modalit\u00e0 del trattamento e della logica applicata in caso di trattamento effettuato con strumenti elettronici;- ottenere la cancellazione, la trasformazione in forma anonima o il blocco dei dati di cui non \u00e8 necessaria la conservazione in relazione agli scopi per i quali i dati sono stati raccolti e trattati;- ottenere l&#8217;aggiornamento, la rettificazione e l&#8217;integrazione dei Vostri dati;- opporvi, in tutto o in parte, per motivi legittimi, al trattamento dei dati personali che Vi riguardano, ancorch\u00e9 pertinenti allo scopo della raccolta.<\/p>\n<p>&nbsp;<\/p>\n<h2><b>COOKIES POLICY<\/b><\/h2>\n<p>Questo sito utilizza cookies, anche di terze parti,\u00a0 per migliorare l\u2019esperienza di navigazione, per consentire a chi naviga di usufruire di tutti i servizi online, e per visualizzare pubblicit\u00e0 in linea con le proprie preferenze.<\/p>\n<p><strong>CHE COSA SONO I COOKIES<\/strong><\/p>\n<p>I cookies sono dei piccoli file di testo che vengono inseriti nel dispositivo utilizzato dall\u2019utente per visitare il sito (computer, tablet o smartphone). Questi file sono salvati nelle directory utilizzate dal browser web dell\u2019utente.<\/p>\n<p><strong>CONSENSO<\/strong><\/p>\n<p>L\u2019utente del sito pu\u00f2 esprimere il proprio consenso all\u2019utilizzo dei cookies di profilazione come indicato nel banner, compiendo un\u2019azione di scorrimento, cliccando su uno dei link interni della pagina oppure cliccando sul tasto \u201cOK\u201d o sul tasto \u201cX\u201d del banner posizionato in basso.<\/p>\n<p><strong>TIPOLOGIA DI COOKIES<\/strong><\/p>\n<p>Cookies Tecnici di prima e terze parti<\/p>\n<p><strong>Cookies tecnici necessari per il funzionamento<\/strong><\/p>\n<p>Questi cookies permettono al sito di funzionare correttamente. Esistono due categorie di cookies tecnici: quelli persistenti, che rimangono anche dopo aver chiuso il browser, e quelli di sessione, che vengono distrutti ogni volta che il browser viene chiuso.<\/p>\n<p><strong>Cookies tecnici per salvare le preferenze<\/strong><\/p>\n<p>Questi cookies permettono di ricordare le preferenze selezionate dall\u2019utente.<\/p>\n<p><strong>Cookies di Statistica e di Misurazione dell&#8217;audience<\/strong><\/p>\n<p>Questi cookies raccolgono in maniera anonima e aggregata i dati su come gli utenti interagiscono con il sito internet.\u00a0 Ci\u00f2 permette l\u2019ottimizzazione del sito.<\/p>\n<p>I cookies tecnici di terze parti integrano funzionalit\u00e0 sviluppate da terzi all\u2019interno delle pagine del sito. Questi cookies sono inviati da domini di terze parti e da siti partner che offrono le loro funzionalit\u00e0 tra le pagine del sito.<\/p>\n<p>Cookies di profilazione a fini pubblicitari e per il remarketing<\/p>\n<p>Questi cookies (servizi di advertising di terza parte) vengono utilizzati al fine di inviare pubblicit\u00e0 e contenuti personalizzati in base alla cronologia di navigazione sul sito stesso.\u00a0 Sono quei cookies necessari a creare profili utenti al fine di inviare messaggi pubblicitari in linea con le preferenze manifestate dall\u2019utente all\u2019interno delle pagine del sito.<\/p>\n<p><strong>COOKIES UTILIZZATI IN QUESTO SITO<\/strong><\/p>\n<p><strong>Cookies tecnici di terze parti per il corretto funzionamento di servizi tecnici<\/strong><\/p>\n<p>Questi cookies servono per monitorare le performance del sito.<\/p>\n<p>Google Maps<\/p>\n<p><a href=\"https:\/\/www.google.com\/intl\/it\/policies\/\">privacy policy<\/a> (<a href=\"https:\/\/www.google.com\/intl\/it\/policies\/\">https:\/\/www.google.com\/intl\/it\/policies\/<\/a>)<\/p>\n<p><strong>Cookies Statistici dell&#8217;audience di terza parte\u00a0<\/strong><\/p>\n<p>Questi cookies forniscono informazioni anonime \/ aggregate sul modo in cui i visitatori navigano sul sito.<\/p>\n<p>Google Analytics<\/p>\n<p><a href=\"https:\/\/support.google.com\/analytics\/answer\/6004245\">privacy policy<\/a> (<a href=\"https:\/\/www.google.com\/intl\/it\/policies\/\">https:\/\/www.google.com\/intl\/it\/policies\/<\/a><\/p>\n<p>opt out (<a href=\"https:\/\/tools.google.com\/dlpage\/gaoptout?hl=it\">https:\/\/tools.google.com\/dlpage\/gaoptout?hl=it<\/a>)<\/p>\n<p>Google Adwords conversioni<\/p>\n<p><a href=\"https:\/\/www.google.com\/intl\/it\/policies\/\">privacy policy<\/a> (<a href=\"https:\/\/www.google.com\/intl\/it\/policies\/\">https:\/\/www.google.com\/intl\/it\/policies\/<\/a>)<\/p>\n<p>Doubleclick: Conteggio conversioni campagne pubblicitarie<\/p>\n<p><a href=\"https:\/\/www.google.com\/intl\/it\/policies\/\">privacy policy<\/a> (<a href=\"https:\/\/www.google.com\/intl\/it\/policies\/\">https:\/\/www.google.com\/intl\/it\/policies\/<\/a>)<\/p>\n<p><strong>Cookies di profilazione a fini pubblicitari e per il remarketing\u00a0<\/strong><\/p>\n<p>Questi cookies vengono utilizzati per inviare pubblicit\u00e0 e contenuti personalizzati in base alla navigazione sul sito.<\/p>\n<p>Google adwords remarketing<\/p>\n<p>privacy policy (<a href=\"https:\/\/www.google.com\/intl\/it\/policies\/\">https:\/\/www.google.com\/intl\/it\/policies\/<\/a>)<\/p>\n<p>opt out (<a href=\"https:\/\/tools.google.com\/dlpage\/gaoptout?hl=it\">https:\/\/tools.google.com\/dlpage\/gaoptout?hl=it<\/a>)<\/p>\n<p>Facebook remarketing<\/p>\n<p>Privacy policy (<a href=\"https:\/\/www.facebook.com\/about\/privacy\/\">https:\/\/www.facebook.com\/about\/privacy\/<\/a>)<\/p>\n<p><strong>Cookies di social media sharing e connect\u00a0<\/strong><\/p>\n<p>Questi cookies vengono utilizzati per integrare alcune diffuse funzionalit\u00e0 dei principali social media. Per esempio permettono la registrazione e l&#8217;autenticazione sul sito tramite il bottone connect e la condivisione di pagine del sito sui social.<\/p>\n<p>Facebook<\/p>\n<p><a href=\"https:\/\/www.facebook.com\/about\/privacy\/\">privacy policy<\/a> (<a href=\"https:\/\/www.facebook.com\/about\/privacy\/\">https:\/\/www.facebook.com\/about\/privacy\/<\/a>)<\/p>\n<p>G+<\/p>\n<p><a href=\"https:\/\/www.google.com\/intl\/it\/policies\/\">privacy policy<\/a> (<a href=\"https:\/\/www.google.com\/intl\/it\/policies\/\">https:\/\/www.google.com\/intl\/it\/policies\/<\/a>)<\/p>\n<p>Twitter<\/p>\n<p><a href=\"https:\/\/twitter.com\/privacy\">privacy policy<\/a> (<a href=\"https:\/\/twitter.com\/privacy?lang=it\">https:\/\/twitter.com\/privacy?lang=it<\/a>)<\/p>\n<p>Linkedin<\/p>\n<p>Privacy policy (<a href=\"https:\/\/www.linkedin.com\/legal\/privacy-policy\">https:\/\/www.linkedin.com\/legal\/privacy-policy<\/a>)<\/p>\n<p>Pinterest<\/p>\n<p>Privacy policy (<a href=\"https:\/\/about.pinterest.com\/it\/privacy-policy\">https:\/\/about.pinterest.com\/it\/privacy-policy<\/a>)<\/p>\n<p>Instagram<\/p>\n<p>Privacy policy (<a href=\"https:\/\/instagram.com\/about\/legal\/privacy\/\">https:\/\/instagram.com\/about\/legal\/privacy\/<\/a>)<\/p>\n<p><strong>COME DISABILITARE I COOKIES SUL BROWSER<\/strong><\/p>\n<p>In qualunque momento \u00e8 possibile disabilitare i cookies presenti sul browser anche se questa opzione limiter\u00e0 le funzionalit\u00e0 di navigazione del sito.<\/p>\n<p><i>Internet Explorer<\/i><br \/>\nFare clic su &#8220;Strumenti&#8221; poi &#8220;Opzioni Internet&#8221;. Nella scheda Privacy, selezionare \u201cbloccare tutti i cookie\u201d o \u201cconsentire a tutti i cookie\u201d, e quindi fare clic su OK.<\/p>\n<p><i>Firefox<\/i><br \/>\nFare clic su &#8220;Strumenti&#8221; e selezionare il menu &#8220;Opzioni&#8221;. Fare clic sulla scheda &#8220;Privacy&#8221;, deselezionare la casella &#8220;Accetta cookie&#8221; e fare clic su OK.<\/p>\n<p><i>Safari<\/i><br \/>\nSelezionare il menu &#8220;Modifica&#8221; e selezionare &#8220;Preferences&#8221;. Fare clic su &#8220;Privacy&#8221;, posizionare l&#8217;impostazione &#8220;cookies Block &#8220;sempre &#8220;e fare clic su OK.<\/p>\n<p><i>Google Chrome<\/i><br \/>\nFare clic sul menu Chrome nella barra degli strumenti del browser. Selezionare &#8220;Impostazioni&#8221;. Fare clic su &#8220;Mostra impostazioni avanzate&#8221;. Nella sezione &#8220;Privacy&#8221;, fare clic sul pulsante &#8220;Impostazioni contenuti&#8221;. Nella sezione &#8220;Cookies&#8221;, selezionare &#8220;Non consentire ai siti per memorizzare i dati&#8221; e di controllo &#8220;cookie di blocco e di terze parti i dati sito&#8221;, e quindi fare clic su OK.<\/p>\n<p>Se usi un qualsiasi altro browser, cerca nelle Impostazioni del browser la modalit\u00e0 di gestione dei cookies.<\/p>\n<p><strong>COME DISABILITARE I COOKIES DI SERVIZI TERZI<\/strong><\/p>\n<p>Servizi Google (<a href=\"https:\/\/www.google.com\/settings\/u\/0\/ads?hl=it&amp;sig=ACi0TCjWTd4nglcur3suB999IsmD-qST4RSd1wRVgHP1WwlKsFLCcXOfZciEh8tePVuDbblq0yEhIFYgKRBaRYvy8P0bqngUJh_iSMtPbJa4h5-v7s7oeWyRWQEy-gR0sHEb_LkE_opRkp-ksdJlKC-JeXrMP2ADtysoi9Mmqlto0a4crAII-7c\">https:\/\/www.google.com\/settings\/u\/0\/ads?hl=it&amp;sig=ACi0TCjWTd4nglcur3suB999IsmD-qST4RSd1wRVgHP1WwlKsFLCcXOfZciEh8tePVuDbblq0yEhIFYgKRBaRYvy8P0bqngUJh_iSMtPbJa4h5-v7s7oeWyRWQEy-gR0sHEb_LkE_opRkp-ksdJlKC-JeXrMP2ADtysoi9Mmqlto0a4crAII-7c<\/a>)<\/p>\n<p>Facebook (<a href=\"https:\/\/www.facebook.com\/help\/cookies?ref_type=sitefooter\">https:\/\/www.facebook.com\/help\/cookies?ref_type=sitefooter<\/a>)<\/p>\n<p>Twitter (<a href=\"https:\/\/support.twitter.com\/articles\/20170514-twitters-use-of-cookies-and-similar-technologies\">https:\/\/support.twitter.com\/articles\/20170514-twitters-use-of-cookies-and-similar-technologies#<\/a>)<\/p>\n<p>Linkedin (<a href=\"https:\/\/www.linkedin.com\/legal\/cookie_policy\">https:\/\/www.linkedin.com\/legal\/cookie_policy<\/a>)<\/p>\n<p>Instagram (<a href=\"https:\/\/instagram.com\/about\/legal\/privacy\/\">https:\/\/instagram.com\/about\/legal\/privacy\/<\/a>)<\/p>\n<p>Pinterest <a href=\"https:\/\/about.pinterest.com\/en\/privacy-policy\">https:\/\/about.pinterest.com\/en\/privacy-policy<\/a><br \/>\n<strong>TITOLARE E RESPONSABILE DEL TRATTAMENTO<\/strong><\/p>\n<p>L\u2019elenco degli eventuali responsabili nominati per particolari trattamenti pu\u00f2 essere consultato facendone richiesta presso i nostri uffici. Il titolare del trattamento dei Vostri dati personali \u00e8 Via Poggio Adorno 22 Loc. Cerri &#8211; 56029 Santa Croce Sull&#8217;Arno &#8211; Pisa | T. 0571 297421 ~ E. info@tcsantacroce.com[\/vc_column_text][\/vc_column][\/vc_row]<\/p>\n","protected":false},"excerpt":{"rendered":"<p>[vc_row section=&#8221;&#8221; full_width=&#8221;&#8221; top_svg=&#8221;&#8221; bottom_svg=&#8221;&#8221; bg_svg=&#8221;&#8221; color=&#8221;&#8221; text_color=&#8221;&#8221; bg_opacity=&#8221;&#8221; parallax=&#8221;&#8221; bg_image_repeat=&#8221;&#8221; vertical_align=&#8221;&#8221; global_atts=&#8221;&#8221; id=&#8221;&#8221; css_class=&#8221;&#8221; style=&#8221;&#8221; tooltip=&#8221;&#8221; tooltip_color=&#8221;color1&#8243; tooltip_text_color=&#8221;color3&#8243; bg_color=&#8221;&#8221;][vc_column align=&#8221;&#8221; global_atts=&#8221;&#8221; id=&#8221;&#8221; css_class=&#8221;&#8221; style=&#8221;&#8221; tooltip=&#8221;&#8221; tooltip_color=&#8221;color1&#8243; tooltip_text_color=&#8221;color3&#8243; width=&#8221;1\/1&#8243;][vc_column_text tooltip_color=&#8221;color1&#8243; tooltip_text_color=&#8221;color3&#8243;]Tennis Club Santa Croce\u00a0in qualit\u00e0 di Titolare del Trattamento rende agli utenti che consultano e\/o interagiscono con il presente sito l\u2019informativa sul trattamento dei dati [&hellip;]<\/p>\n","protected":false},"author":1,"featured_media":0,"parent":0,"menu_order":0,"comment_status":"closed","ping_status":"open","template":"","meta":{"footnotes":""},"class_list":["post-5184","page","type-page","status-publish","hentry"],"_links":{"self":[{"href":"https:\/\/tcsantacroce.com\/en\/wp-json\/wp\/v2\/pages\/5184","targetHints":{"allow":["GET"]}}],"collection":[{"href":"https:\/\/tcsantacroce.com\/en\/wp-json\/wp\/v2\/pages"}],"about":[{"href":"https:\/\/tcsantacroce.com\/en\/wp-json\/wp\/v2\/types\/page"}],"author":[{"embeddable":true,"href":"https:\/\/tcsantacroce.com\/en\/wp-json\/wp\/v2\/users\/1"}],"replies":[{"embeddable":true,"href":"https:\/\/tcsantacroce.com\/en\/wp-json\/wp\/v2\/comments?post=5184"}],"version-history":[{"count":3,"href":"https:\/\/tcsantacroce.com\/en\/wp-json\/wp\/v2\/pages\/5184\/revisions"}],"predecessor-version":[{"id":5190,"href":"https:\/\/tcsantacroce.com\/en\/wp-json\/wp\/v2\/pages\/5184\/revisions\/5190"}],"wp:attachment":[{"href":"https:\/\/tcsantacroce.com\/en\/wp-json\/wp\/v2\/media?parent=5184"}],"curies":[{"name":"wp","href":"https:\/\/api.w.org\/{rel}","templated":true}]}}